{"id":1831,"date":"2025-12-02T08:30:45","date_gmt":"2025-12-02T07:30:45","guid":{"rendered":"https:\/\/www.villafavone.com\/soutenons-le-patrimoine\/"},"modified":"2026-02-15T01:17:52","modified_gmt":"2026-02-15T00:17:52","slug":"lets-support-heritage","status":"publish","type":"page","link":"https:\/\/www.villafavone.com\/en\/lets-support-heritage\/","title":{"rendered":"Let\u2019s support heritage"},"content":{"rendered":"\t\t<div data-elementor-type=\"wp-page\" data-elementor-id=\"1831\" class=\"elementor elementor-1831 elementor-290\" data-elementor-post-type=\"page\">\n\t\t\t\t<div data-dce-background-image-url=\"https:\/\/www.villafavone.com\/wp-content\/uploads\/galerie\/la-riviere-solenzara-villa-favone.webp\" class=\"elementor-element elementor-element-396ff08 e-con-full e-flex e-con e-parent\" data-id=\"396ff08\" data-element_type=\"container\" data-e-type=\"container\" data-settings=\"{&quot;background_background&quot;:&quot;classic&quot;}\">\n\t\t\t\t<div data-dce-title-color=\"#FFFFFF\" class=\"elementor-element elementor-element-9475283 elementor-widget elementor-widget-heading\" data-id=\"9475283\" data-element_type=\"widget\" data-e-type=\"widget\" data-widget_type=\"heading.default\">\n\t\t\t\t\t<span class=\"elementor-heading-title elementor-size-default\">Let\u2019s support heritage<\/span>\t\t\t\t<\/div>\n\t\t\t\t<\/div>\n\t\t<div class=\"elementor-element elementor-element-465c6b2 e-flex e-con-boxed e-con e-parent\" data-id=\"465c6b2\" data-element_type=\"container\" data-e-type=\"container\" data-settings=\"{&quot;background_background&quot;:&quot;classic&quot;}\">\n\t\t\t\t\t<div class=\"e-con-inner\">\n\t\t\t\t<div class=\"elementor-element elementor-element-d2c0972 elementor-widget elementor-widget-heading\" data-id=\"d2c0972\" data-element_type=\"widget\" data-e-type=\"widget\" data-widget_type=\"heading.default\">\n\t\t\t\t\t<h1 class=\"elementor-heading-title elementor-size-default\">Committed to heritage<\/h1>\t\t\t\t<\/div>\n\t\t\t\t\t<\/div>\n\t\t\t\t<\/div>\n\t\t<div class=\"elementor-element elementor-element-3df1ebc e-con-full e-flex e-con e-parent\" data-id=\"3df1ebc\" data-element_type=\"container\" data-e-type=\"container\" data-settings=\"{&quot;background_background&quot;:&quot;classic&quot;}\">\n\t\t<div data-dce-background-overlay-image-url=\"https:\/\/www.villafavone.com\/wp-content\/uploads\/illustration-chambres-villa-favone.jpg\" class=\"elementor-element elementor-element-9e0407b e-con-full e-flex e-con e-child\" data-id=\"9e0407b\" data-element_type=\"container\" data-e-type=\"container\">\n\t\t\t\t<div class=\"elementor-element elementor-element-09e8d55 elementor-widget elementor-widget-image-carousel\" data-id=\"09e8d55\" data-element_type=\"widget\" data-e-type=\"widget\" data-settings=\"{&quot;slides_to_show&quot;:&quot;1&quot;,&quot;navigation&quot;:&quot;none&quot;,&quot;autoplay&quot;:&quot;yes&quot;,&quot;pause_on_hover&quot;:&quot;yes&quot;,&quot;pause_on_interaction&quot;:&quot;yes&quot;,&quot;autoplay_speed&quot;:5000,&quot;infinite&quot;:&quot;yes&quot;,&quot;effect&quot;:&quot;slide&quot;,&quot;speed&quot;:500}\" data-widget_type=\"image-carousel.default\">\n\t\t\t\t\t\t\t<div class=\"elementor-image-carousel-wrapper swiper\" role=\"region\" aria-roledescription=\"carousel\" aria-label=\"Carrousel d\u2019images\" dir=\"ltr\">\n\t\t\t<div class=\"elementor-image-carousel swiper-wrapper swiper-image-stretch\" aria-live=\"off\">\n\t\t\t\t\t\t\t\t<div class=\"swiper-slide\" role=\"group\" aria-roledescription=\"slide\" aria-label=\"1 of 2\"><a data-elementor-open-lightbox=\"yes\" data-elementor-lightbox-slideshow=\"09e8d55\" data-elementor-lightbox-title=\"Ruines historiques en Corse - Fondation du patrimoine Corse\" data-elementor-lightbox-description=\"Ruines en pierre \u00e9clair\u00e9es par le soleil, t\u00e9moignant de l\u2019histoire et des anciens \u00e9difices \u00e0 pr\u00e9server en Corse.\" data-e-action-hash=\"#elementor-action%3Aaction%3Dlightbox%26settings%3DeyJpZCI6MjAzOCwidXJsIjoiaHR0cHM6XC9cL3d3dy52aWxsYWZhdm9uZS5jb21cL3dwLWNvbnRlbnRcL3VwbG9hZHNcL3BhdHJpbW9pbmVcL3J1aW5lcy1oaXN0b3JpcXVlcy1lbi1jb3JzZS1mb25kYXRpb24tZHUtcGF0cmltb2luZS1jb3JzZS53ZWJwIiwic2xpZGVzaG93IjoiMDllOGQ1NSJ9\" href=\"https:\/\/www.villafavone.com\/wp-content\/uploads\/patrimoine\/ruines-historiques-en-corse-fondation-du-patrimoine-corse.webp\"><figure class=\"swiper-slide-inner\"><img decoding=\"async\" class=\"swiper-slide-image\" src=\"https:\/\/www.villafavone.com\/wp-content\/uploads\/patrimoine\/ruines-historiques-en-corse-fondation-du-patrimoine-corse-1024x683.webp\" alt=\"Ruines de murs en pierre et arche ancienne au milieu de la v\u00e9g\u00e9tation\" \/><\/figure><\/a><\/div><div class=\"swiper-slide\" role=\"group\" aria-roledescription=\"slide\" aria-label=\"2 of 2\"><a data-elementor-open-lightbox=\"yes\" data-elementor-lightbox-slideshow=\"09e8d55\" data-elementor-lightbox-title=\"\u00c9glise en restauration en Corse - Fondation du patrimoine Corse\" data-elementor-lightbox-description=\"Vue d\u2019une \u00e9glise en pierre dont le clocher est en restauration, illustrant les actions de pr\u00e9servation du patrimoine corse.\" data-e-action-hash=\"#elementor-action%3Aaction%3Dlightbox%26settings%3DeyJpZCI6MjAzOSwidXJsIjoiaHR0cHM6XC9cL3d3dy52aWxsYWZhdm9uZS5jb21cL3dwLWNvbnRlbnRcL3VwbG9hZHNcL3BhdHJpbW9pbmVcL2VnbGlzZS1lbi1yZXN0YXVyYXRpb24tZW4tY29yc2UtZm9uZGF0aW9uLWR1LXBhdHJpbW9pbmUtY29yc2Uud2VicCIsInNsaWRlc2hvdyI6IjA5ZThkNTUifQ%3D%3D\" href=\"https:\/\/www.villafavone.com\/wp-content\/uploads\/patrimoine\/eglise-en-restauration-en-corse-fondation-du-patrimoine-corse.webp\"><figure class=\"swiper-slide-inner\"><img decoding=\"async\" class=\"swiper-slide-image\" src=\"https:\/\/www.villafavone.com\/wp-content\/uploads\/patrimoine\/eglise-en-restauration-en-corse-fondation-du-patrimoine-corse-1024x683.webp\" alt=\"\u00c9glise en pierre avec \u00e9chafaudage visible sur le clocher en cours de restauration\" \/><\/figure><\/a><\/div>\t\t\t<\/div>\n\t\t\t\t\t\t\t\n\t\t\t\t\t\t\t\t\t<\/div>\n\t\t\t\t\t\t<\/div>\n\t\t\t\t<div class=\"elementor-element elementor-element-29ef1d5 elementor-widget elementor-widget-text-editor\" data-id=\"29ef1d5\" data-element_type=\"widget\" data-e-type=\"widget\" data-widget_type=\"text-editor.default\">\n\t\t\t\t\t\t\t\t\t<p>This love for built heritage naturally led me, ten years ago, to support the Fondation du Patrimoine in projects dedicated to the restoration of historic buildings, particularly <strong>in partnership with the Fondation du Patrimoine Corse.<\/strong><\/p><p>Each year, we continue to support restoration initiatives, made possible in part through incentive tax measures. I invite everyone who feels connected to this remarkable historic heritage to support the Fondation du Patrimoine, a key player in protecting our history and the work of our ancestors.<\/p><p>Any contribution, regardless of the amount, helps the foundation and local authorities preserve countless heritage sites and restore them to their former glory.<\/p>\t\t\t\t\t\t\t\t<\/div>\n\t\t\t\t<div class=\"elementor-element elementor-element-ac15f61 animated-fast elementor-invisible elementor-widget elementor-widget-image\" data-id=\"ac15f61\" data-element_type=\"widget\" data-e-type=\"widget\" data-settings=\"{&quot;_animation&quot;:&quot;fadeInUp&quot;,&quot;_animation_delay&quot;:100}\" data-widget_type=\"image.default\">\n\t\t\t\t\t\t\t\t\t\t\t\t\t\t\t\t<a href=\"https:\/\/www.fondation-patrimoine.org\/decouvrir-la-fondation\/notre-organisation\/delegations-regionales\/corse\/presentation\" target=\"_blank\">\n\t\t\t\t\t\t\t<img decoding=\"async\" src=\"https:\/\/www.villafavone.com\/wp-content\/uploads\/logo\/logo-fondation-patrimoine.svg\" class=\"attachment-full size-full wp-image-1832\" alt=\"FONDATION DU PATRIMOINE EN CORSE Logo\" \/>\t\t\t\t\t\t\t\t<\/a>\n\t\t\t\t\t\t\t\t\t\t\t\t\t\t\t<\/div>\n\t\t\t\t<div class=\"elementor-element elementor-element-14e42c7 elementor-align-right elementor-widget elementor-widget-button\" data-id=\"14e42c7\" data-element_type=\"widget\" data-e-type=\"widget\" data-widget_type=\"button.default\">\n\t\t\t\t\t\t\t\t\t\t<a class=\"elementor-button elementor-button-link elementor-size-sm\" href=\"https:\/\/www.fondation-patrimoine.org\/faire-un-don\/delegation\/corse\" target=\"_blank\">\n\t\t\t\t\t\t<span class=\"elementor-button-content-wrapper\">\n\t\t\t\t\t\t<span class=\"elementor-button-icon\">\n\t\t\t\t<svg aria-hidden=\"true\" class=\"e-font-icon-svg e-fas-hand-holding-usd\" viewBox=\"0 0 576 512\" xmlns=\"http:\/\/www.w3.org\/2000\/svg\"><path d=\"M271.06,144.3l54.27,14.3a8.59,8.59,0,0,1,6.63,8.1c0,4.6-4.09,8.4-9.12,8.4h-35.6a30,30,0,0,1-11.19-2.2c-5.24-2.2-11.28-1.7-15.3,2l-19,17.5a11.68,11.68,0,0,0-2.25,2.66,11.42,11.42,0,0,0,3.88,15.74,83.77,83.77,0,0,0,34.51,11.5V240c0,8.8,7.83,16,17.37,16h17.37c9.55,0,17.38-7.2,17.38-16V222.4c32.93-3.6,57.84-31,53.5-63-3.15-23-22.46-41.3-46.56-47.7L282.68,97.4a8.59,8.59,0,0,1-6.63-8.1c0-4.6,4.09-8.4,9.12-8.4h35.6A30,30,0,0,1,332,83.1c5.23,2.2,11.28,1.7,15.3-2l19-17.5A11.31,11.31,0,0,0,368.47,61a11.43,11.43,0,0,0-3.84-15.78,83.82,83.82,0,0,0-34.52-11.5V16c0-8.8-7.82-16-17.37-16H295.37C285.82,0,278,7.2,278,16V33.6c-32.89,3.6-57.85,31-53.51,63C227.63,119.6,247,137.9,271.06,144.3ZM565.27,328.1c-11.8-10.7-30.2-10-42.6,0L430.27,402a63.64,63.64,0,0,1-40,14H272a16,16,0,0,1,0-32h78.29c15.9,0,30.71-10.9,33.25-26.6a31.2,31.2,0,0,0,.46-5.46A32,32,0,0,0,352,320H192a117.66,117.66,0,0,0-74.1,26.29L71.4,384H16A16,16,0,0,0,0,400v96a16,16,0,0,0,16,16H372.77a64,64,0,0,0,40-14L564,377a32,32,0,0,0,1.28-48.9Z\"><\/path><\/svg>\t\t\t<\/span>\n\t\t\t\t\t\t\t\t\t<span class=\"elementor-button-text\">Make a donation<\/span>\n\t\t\t\t\t<\/span>\n\t\t\t\t\t<\/a>\n\t\t\t\t\t\t\t\t<\/div>\n\t\t\t\t<\/div>\n\t\t<div data-dce-background-overlay-image-url=\"https:\/\/www.villafavone.com\/wp-content\/uploads\/illustration-chambres-villa-favone.jpg\" class=\"elementor-element elementor-element-2aefcc3 e-con-full e-flex e-con e-child\" data-id=\"2aefcc3\" data-element_type=\"container\" data-e-type=\"container\">\n\t\t\t\t<div class=\"elementor-element elementor-element-efe9ada elementor-widget elementor-widget-text-editor\" data-id=\"efe9ada\" data-element_type=\"widget\" data-e-type=\"widget\" data-widget_type=\"text-editor.default\">\n\t\t\t\t\t\t\t\t\t<p>Naturally curious and deeply fascinated by nature and landscapes, I developed an early passion for architecture, gardens, art, and craftsmanship. An epicurean at heart, I enjoy traveling, observing, and drawing inspiration from the world around me.<\/p><p>My professional journey has given me the opportunity to carry out many exciting construction and renovation projects, combining technical expertise, comfort, and a strong sensitivity to materials and their integration into the environment.<\/p><p>My \u201cgolden triangle\u201d lies between Provence\u2013C\u00f4te d\u2019Azur and Corsica. Provence for the warmth of cicada songs and its nuanced seasons; Corsica, the land of my ancestors, for its authenticity and its raw, unconditional beauty.<\/p><p><strong>Christophe Bizzari.<\/strong><\/p>\t\t\t\t\t\t\t\t<\/div>\n\t\t\t\t<div class=\"elementor-element elementor-element-1793cd0 elementor-widget elementor-widget-image-carousel\" data-id=\"1793cd0\" data-element_type=\"widget\" data-e-type=\"widget\" data-settings=\"{&quot;slides_to_show&quot;:&quot;1&quot;,&quot;navigation&quot;:&quot;none&quot;,&quot;autoplay&quot;:&quot;yes&quot;,&quot;pause_on_hover&quot;:&quot;yes&quot;,&quot;pause_on_interaction&quot;:&quot;yes&quot;,&quot;autoplay_speed&quot;:5000,&quot;infinite&quot;:&quot;yes&quot;,&quot;effect&quot;:&quot;slide&quot;,&quot;speed&quot;:500}\" data-widget_type=\"image-carousel.default\">\n\t\t\t\t\t\t\t<div class=\"elementor-image-carousel-wrapper swiper\" role=\"region\" aria-roledescription=\"carousel\" aria-label=\"Carrousel d\u2019images\" dir=\"ltr\">\n\t\t\t<div class=\"elementor-image-carousel swiper-wrapper swiper-image-stretch\" aria-live=\"off\">\n\t\t\t\t\t\t\t\t<div class=\"swiper-slide\" role=\"group\" aria-roledescription=\"slide\" aria-label=\"1 of 2\"><a data-elementor-open-lightbox=\"yes\" data-elementor-lightbox-slideshow=\"1793cd0\" data-elementor-lightbox-title=\"Panorama sur une \u00e9glise perch\u00e9e en Corse - Fondation du patrimoine Corse\" data-elementor-lightbox-description=\"Panorama d\u2019une \u00e9glise perch\u00e9e au sommet d\u2019une colline, dont le clocher est en restauration, mise en valeur par un paysage bois\u00e9 et montagneux.\" data-e-action-hash=\"#elementor-action%3Aaction%3Dlightbox%26settings%3DeyJpZCI6MjA0MCwidXJsIjoiaHR0cHM6XC9cL3d3dy52aWxsYWZhdm9uZS5jb21cL3dwLWNvbnRlbnRcL3VwbG9hZHNcL3BhdHJpbW9pbmVcL3Bhbm9yYW1hLXN1ci11bmUtZWdsaXNlLXBlcmNoZWUtZW4tY29yc2UtZm9uZGF0aW9uLWR1LXBhdHJpbW9pbmUtY29yc2Uud2VicCIsInNsaWRlc2hvdyI6IjE3OTNjZDAifQ%3D%3D\" href=\"https:\/\/www.villafavone.com\/wp-content\/uploads\/patrimoine\/panorama-sur-une-eglise-perchee-en-corse-fondation-du-patrimoine-corse.webp\"><figure class=\"swiper-slide-inner\"><img decoding=\"async\" class=\"swiper-slide-image\" src=\"https:\/\/www.villafavone.com\/wp-content\/uploads\/patrimoine\/panorama-sur-une-eglise-perchee-en-corse-fondation-du-patrimoine-corse-1024x683.webp\" alt=\"\u00c9glise en hauteur entour\u00e9e d\u2019arbres avec un clocher en restauration\" \/><\/figure><\/a><\/div><div class=\"swiper-slide\" role=\"group\" aria-roledescription=\"slide\" aria-label=\"2 of 2\"><a data-elementor-open-lightbox=\"yes\" data-elementor-lightbox-slideshow=\"1793cd0\" data-elementor-lightbox-title=\"Clocher ancien surplombant un village corse - Fondation du patrimoine Corse\" data-elementor-lightbox-description=\"Clocher ancien offrant une vue sur les collines et habitations voisines, symbole du patrimoine architectural corse.\" data-e-action-hash=\"#elementor-action%3Aaction%3Dlightbox%26settings%3DeyJpZCI6MjA0MSwidXJsIjoiaHR0cHM6XC9cL3d3dy52aWxsYWZhdm9uZS5jb21cL3dwLWNvbnRlbnRcL3VwbG9hZHNcL3BhdHJpbW9pbmVcL2Nsb2NoZXItYW5jaWVuLXN1cnBsb21iYW50LXVuLXZpbGxhZ2UtY29yc2UtZm9uZGF0aW9uLWR1LXBhdHJpbW9pbmUtY29yc2Uud2VicCIsInNsaWRlc2hvdyI6IjE3OTNjZDAifQ%3D%3D\" href=\"https:\/\/www.villafavone.com\/wp-content\/uploads\/patrimoine\/clocher-ancien-surplombant-un-village-corse-fondation-du-patrimoine-corse.webp\"><figure class=\"swiper-slide-inner\"><img decoding=\"async\" class=\"swiper-slide-image\" src=\"https:\/\/www.villafavone.com\/wp-content\/uploads\/patrimoine\/clocher-ancien-surplombant-un-village-corse-fondation-du-patrimoine-corse-1024x683.webp\" alt=\"Clocher ancien en pierre avec ornements dominant un paysage de montagne\" \/><\/figure><\/a><\/div>\t\t\t<\/div>\n\t\t\t\t\t\t\t\n\t\t\t\t\t\t\t\t\t<\/div>\n\t\t\t\t\t\t<\/div>\n\t\t\t\t<\/div>\n\t\t\t\t<\/div>\n\t\t<div class=\"elementor-element elementor-element-64e31a4 e-con-full e-flex e-con e-parent\" data-id=\"64e31a4\" data-element_type=\"container\" data-e-type=\"container\" data-settings=\"{&quot;background_background&quot;:&quot;gradient&quot;}\">\n\t\t\t\t<div class=\"elementor-element elementor-element-76e2b6d elementor-widget elementor-widget-heading\" data-id=\"76e2b6d\" data-element_type=\"widget\" data-e-type=\"widget\" data-widget_type=\"heading.default\">\n\t\t\t\t\t<h2 class=\"elementor-heading-title elementor-size-default\">Gallery<\/h2>\t\t\t\t<\/div>\n\t\t\t\t<div class=\"elementor-element elementor-element-868c932 elementor-arrows-position-inside elementor-widget elementor-widget-image-carousel\" data-id=\"868c932\" data-element_type=\"widget\" data-e-type=\"widget\" data-settings=\"{&quot;slides_to_show&quot;:&quot;3&quot;,&quot;slides_to_show_laptop&quot;:&quot;2&quot;,&quot;slides_to_show_tablet&quot;:&quot;2&quot;,&quot;slides_to_scroll&quot;:&quot;1&quot;,&quot;slides_to_scroll_laptop&quot;:&quot;1&quot;,&quot;navigation&quot;:&quot;arrows&quot;,&quot;autoplay_speed&quot;:3000,&quot;autoplay&quot;:&quot;yes&quot;,&quot;pause_on_hover&quot;:&quot;yes&quot;,&quot;pause_on_interaction&quot;:&quot;yes&quot;,&quot;infinite&quot;:&quot;yes&quot;,&quot;speed&quot;:500,&quot;image_spacing_custom&quot;:{&quot;unit&quot;:&quot;px&quot;,&quot;size&quot;:20,&quot;sizes&quot;:[]},&quot;image_spacing_custom_widescreen&quot;:{&quot;unit&quot;:&quot;px&quot;,&quot;size&quot;:&quot;&quot;,&quot;sizes&quot;:[]},&quot;image_spacing_custom_laptop&quot;:{&quot;unit&quot;:&quot;px&quot;,&quot;size&quot;:&quot;&quot;,&quot;sizes&quot;:[]},&quot;image_spacing_custom_tablet&quot;:{&quot;unit&quot;:&quot;px&quot;,&quot;size&quot;:&quot;&quot;,&quot;sizes&quot;:[]},&quot;image_spacing_custom_mobile&quot;:{&quot;unit&quot;:&quot;px&quot;,&quot;size&quot;:&quot;&quot;,&quot;sizes&quot;:[]}}\" data-widget_type=\"image-carousel.default\">\n\t\t\t\t\t\t\t<div class=\"elementor-image-carousel-wrapper swiper\" role=\"region\" aria-roledescription=\"carousel\" aria-label=\"Carrousel d\u2019images\" dir=\"ltr\">\n\t\t\t<div class=\"elementor-image-carousel swiper-wrapper\" aria-live=\"off\">\n\t\t\t\t\t\t\t\t<div class=\"swiper-slide\" role=\"group\" aria-roledescription=\"slide\" aria-label=\"1 of 4\"><a data-elementor-open-lightbox=\"yes\" data-elementor-lightbox-slideshow=\"868c932\" data-elementor-lightbox-title=\"Ruelle ancienne d\u2019un village corse - Fondation du patrimoine Corse\" data-elementor-lightbox-description=\"Ruelle typique d\u2019un village corse bord\u00e9e de maisons en pierre et de v\u00e9g\u00e9tation, t\u00e9moin du charme et de l\u2019authenticit\u00e9 du patrimoine insulaire.\" data-e-action-hash=\"#elementor-action%3Aaction%3Dlightbox%26settings%3DeyJpZCI6MjA0MiwidXJsIjoiaHR0cHM6XC9cL3d3dy52aWxsYWZhdm9uZS5jb21cL3dwLWNvbnRlbnRcL3VwbG9hZHNcL3BhdHJpbW9pbmVcL3J1ZWxsZS1hbmNpZW5uZS1kdW4tdmlsbGFnZS1jb3JzZS1mb25kYXRpb24tZHUtcGF0cmltb2luZS1jb3JzZS53ZWJwIiwic2xpZGVzaG93IjoiODY4YzkzMiJ9\" href=\"https:\/\/www.villafavone.com\/wp-content\/uploads\/patrimoine\/ruelle-ancienne-dun-village-corse-fondation-du-patrimoine-corse.webp\"><figure class=\"swiper-slide-inner\"><img decoding=\"async\" class=\"swiper-slide-image\" src=\"https:\/\/www.villafavone.com\/wp-content\/uploads\/patrimoine\/ruelle-ancienne-dun-village-corse-fondation-du-patrimoine-corse.webp\" alt=\"Ruelle \u00e9troite entre maisons en pierre avec plantes et lumi\u00e8re du soir\" \/><\/figure><\/a><\/div><div class=\"swiper-slide\" role=\"group\" aria-roledescription=\"slide\" aria-label=\"2 of 4\"><a data-elementor-open-lightbox=\"yes\" data-elementor-lightbox-slideshow=\"868c932\" data-elementor-lightbox-title=\"Autel restaur\u00e9 d\u2019une \u00e9glise corse - Fondation du patrimoine Corse\" data-elementor-lightbox-description=\"Autel blanc orn\u00e9 de statues, de fleurs et d\u2019un grand tableau religieux, mis en valeur par un plafond peint n\u00e9cessitant une restauration patrimoniale.\" data-e-action-hash=\"#elementor-action%3Aaction%3Dlightbox%26settings%3DeyJpZCI6MjA0MywidXJsIjoiaHR0cHM6XC9cL3d3dy52aWxsYWZhdm9uZS5jb21cL3dwLWNvbnRlbnRcL3VwbG9hZHNcL3BhdHJpbW9pbmVcL2F1dGVsLXJlc3RhdXJlLWR1bmUtZWdsaXNlLWNvcnNlLWZvbmRhdGlvbi1kdS1wYXRyaW1vaW5lLWNvcnNlLndlYnAiLCJzbGlkZXNob3ciOiI4NjhjOTMyIn0%3D\" href=\"https:\/\/www.villafavone.com\/wp-content\/uploads\/patrimoine\/autel-restaure-dune-eglise-corse-fondation-du-patrimoine-corse.webp\"><figure class=\"swiper-slide-inner\"><img decoding=\"async\" class=\"swiper-slide-image\" src=\"https:\/\/www.villafavone.com\/wp-content\/uploads\/patrimoine\/autel-restaure-dune-eglise-corse-fondation-du-patrimoine-corse.webp\" alt=\"Autel blanc d\u00e9cor\u00e9 de statues, fleurs et tableau religieux sous un plafond peint\" \/><\/figure><\/a><\/div><div class=\"swiper-slide\" role=\"group\" aria-roledescription=\"slide\" aria-label=\"3 of 4\"><a data-elementor-open-lightbox=\"yes\" data-elementor-lightbox-slideshow=\"868c932\" data-elementor-lightbox-title=\"Vitraux et rosace d\u2019une cath\u00e9drale gothique - Fondation du patrimoine Corse\" data-elementor-lightbox-description=\"Rosace et vitraux aux couleurs vives illuminant l\u2019int\u00e9rieur d\u2019une cath\u00e9drale gothique, symbole du patrimoine architectural \u00e0 pr\u00e9server.\" data-e-action-hash=\"#elementor-action%3Aaction%3Dlightbox%26settings%3DeyJpZCI6MjA0NCwidXJsIjoiaHR0cHM6XC9cL3d3dy52aWxsYWZhdm9uZS5jb21cL3dwLWNvbnRlbnRcL3VwbG9hZHNcL3BhdHJpbW9pbmVcL3ZpdHJhdXgtZXQtcm9zYWNlLWR1bmUtY2F0aGVkcmFsZS1nb3RoaXF1ZS1mb25kYXRpb24tZHUtcGF0cmltb2luZS1jb3JzZS53ZWJwIiwic2xpZGVzaG93IjoiODY4YzkzMiJ9\" href=\"https:\/\/www.villafavone.com\/wp-content\/uploads\/patrimoine\/vitraux-et-rosace-dune-cathedrale-gothique-fondation-du-patrimoine-corse.webp\"><figure class=\"swiper-slide-inner\"><img decoding=\"async\" class=\"swiper-slide-image\" src=\"https:\/\/www.villafavone.com\/wp-content\/uploads\/patrimoine\/vitraux-et-rosace-dune-cathedrale-gothique-fondation-du-patrimoine-corse.webp\" alt=\"Grande rosace color\u00e9e et vitraux dans une nef gothique \u00e9clair\u00e9e\" \/><\/figure><\/a><\/div><div class=\"swiper-slide\" role=\"group\" aria-roledescription=\"slide\" aria-label=\"4 of 4\"><a data-elementor-open-lightbox=\"yes\" data-elementor-lightbox-slideshow=\"868c932\" data-elementor-lightbox-title=\"Fa\u00e7ade historique d\u2019une cath\u00e9drale - Fondation du patrimoine Corse\" data-elementor-lightbox-description=\"Fa\u00e7ade sculpt\u00e9e d\u2019une cath\u00e9drale gothique admir\u00e9e par les visiteurs, illustrant la richesse du patrimoine religieux europ\u00e9en.\" data-e-action-hash=\"#elementor-action%3Aaction%3Dlightbox%26settings%3DeyJpZCI6MjA0NSwidXJsIjoiaHR0cHM6XC9cL3d3dy52aWxsYWZhdm9uZS5jb21cL3dwLWNvbnRlbnRcL3VwbG9hZHNcL3BhdHJpbW9pbmVcL2ZhY2FkZS1oaXN0b3JpcXVlLWR1bmUtY2F0aGVkcmFsZS1mb25kYXRpb24tZHUtcGF0cmltb2luZS1jb3JzZS53ZWJwIiwic2xpZGVzaG93IjoiODY4YzkzMiJ9\" href=\"https:\/\/www.villafavone.com\/wp-content\/uploads\/patrimoine\/facade-historique-dune-cathedrale-fondation-du-patrimoine-corse.webp\"><figure class=\"swiper-slide-inner\"><img decoding=\"async\" class=\"swiper-slide-image\" src=\"https:\/\/www.villafavone.com\/wp-content\/uploads\/patrimoine\/facade-historique-dune-cathedrale-fondation-du-patrimoine-corse.webp\" alt=\"Fa\u00e7ade monumentale d\u2019une cath\u00e9drale avec sculptures et visiteurs au pied du portail\" \/><\/figure><\/a><\/div>\t\t\t<\/div>\n\t\t\t\t\t\t\t\t\t\t\t\t<div class=\"elementor-swiper-button elementor-swiper-button-prev\" role=\"button\" tabindex=\"0\">\n\t\t\t\t\t\t<svg aria-hidden=\"true\" class=\"e-font-icon-svg e-fas-chevron-circle-left\" viewBox=\"0 0 512 512\" xmlns=\"http:\/\/www.w3.org\/2000\/svg\"><path d=\"M256 504C119 504 8 393 8 256S119 8 256 8s248 111 248 248-111 248-248 248zM142.1 273l135.5 135.5c9.4 9.4 24.6 9.4 33.9 0l17-17c9.4-9.4 9.4-24.6 0-33.9L226.9 256l101.6-101.6c9.4-9.4 9.4-24.6 0-33.9l-17-17c-9.4-9.4-24.6-9.4-33.9 0L142.1 239c-9.4 9.4-9.4 24.6 0 34z\"><\/path><\/svg>\t\t\t\t\t<\/div>\n\t\t\t\t\t<div class=\"elementor-swiper-button elementor-swiper-button-next\" role=\"button\" tabindex=\"0\">\n\t\t\t\t\t\t<svg aria-hidden=\"true\" class=\"e-font-icon-svg e-fas-chevron-circle-right\" viewBox=\"0 0 512 512\" xmlns=\"http:\/\/www.w3.org\/2000\/svg\"><path d=\"M256 8c137 0 248 111 248 248S393 504 256 504 8 393 8 256 119 8 256 8zm113.9 231L234.4 103.5c-9.4-9.4-24.6-9.4-33.9 0l-17 17c-9.4 9.4-9.4 24.6 0 33.9L285.1 256 183.5 357.6c-9.4 9.4-9.4 24.6 0 33.9l17 17c9.4 9.4 24.6 9.4 33.9 0L369.9 273c9.4-9.4 9.4-24.6 0-34z\"><\/path><\/svg>\t\t\t\t\t<\/div>\n\t\t\t\t\n\t\t\t\t\t\t\t\t\t<\/div>\n\t\t\t\t\t\t<\/div>\n\t\t\t\t<\/div>\n\t\t\t\t<\/div>\n\t\t","protected":false},"excerpt":{"rendered":"<p>Committed to heritage This love for built heritage naturally led me, ten years ago, to support the Fondation du Patrimoine in projects dedicated to the restoration of historic buildings, particularly in partnership with the Fondation du Patrimoine Corse. Each year, we continue to support restoration initiatives, made possible in part through incentive tax measures. I [&hellip;]<\/p>\n","protected":false},"author":1,"featured_media":2040,"parent":0,"menu_order":8,"comment_status":"closed","ping_status":"closed","template":"","meta":{"_acf_changed":false,"footnotes":""},"class_list":["post-1831","page","type-page","status-publish","has-post-thumbnail","hentry"],"acf":[],"_links":{"self":[{"href":"https:\/\/www.villafavone.com\/en\/wp-json\/wp\/v2\/pages\/1831","targetHints":{"allow":["GET"]}}],"collection":[{"href":"https:\/\/www.villafavone.com\/en\/wp-json\/wp\/v2\/pages"}],"about":[{"href":"https:\/\/www.villafavone.com\/en\/wp-json\/wp\/v2\/types\/page"}],"author":[{"embeddable":true,"href":"https:\/\/www.villafavone.com\/en\/wp-json\/wp\/v2\/users\/1"}],"replies":[{"embeddable":true,"href":"https:\/\/www.villafavone.com\/en\/wp-json\/wp\/v2\/comments?post=1831"}],"version-history":[{"count":14,"href":"https:\/\/www.villafavone.com\/en\/wp-json\/wp\/v2\/pages\/1831\/revisions"}],"predecessor-version":[{"id":3588,"href":"https:\/\/www.villafavone.com\/en\/wp-json\/wp\/v2\/pages\/1831\/revisions\/3588"}],"wp:featuredmedia":[{"embeddable":true,"href":"https:\/\/www.villafavone.com\/en\/wp-json\/wp\/v2\/media\/2040"}],"wp:attachment":[{"href":"https:\/\/www.villafavone.com\/en\/wp-json\/wp\/v2\/media?parent=1831"}],"curies":[{"name":"wp","href":"https:\/\/api.w.org\/{rel}","templated":true}]}}